{"id":677,"date":"2025-03-11T16:53:33","date_gmt":"2025-03-11T16:53:33","guid":{"rendered":"https:\/\/cuencadamico.com.ar\/?page_id=677"},"modified":"2025-03-25T19:18:16","modified_gmt":"2025-03-25T19:18:16","slug":"rosalat","status":"publish","type":"page","link":"https:\/\/cuencadamico.com.ar\/index.php\/rosalat\/","title":{"rendered":"Rosalat"},"content":{"rendered":"<p>[et_pb_section fb_built=\u00bb1&#8243; _builder_version=\u00bb4.27.4&#8243; _module_preset=\u00bbdefault\u00bb background_color=\u00bb#F2F2F2&#8243; custom_padding=\u00bb10px||6px|||\u00bb global_colors_info=\u00bb{}\u00bb][et_pb_row column_structure=\u00bb3_5,2_5&#8243; _builder_version=\u00bb4.27.4&#8243; _module_preset=\u00bbdefault\u00bb custom_margin=\u00bb|auto|22px|auto||\u00bb custom_padding=\u00bb||5px|||\u00bb global_colors_info=\u00bb{}\u00bb][et_pb_column type=\u00bb3_5&#8243; _builder_version=\u00bb4.27.4&#8243; _module_preset=\u00bbdefault\u00bb global_colors_info=\u00bb{}\u00bb][et_pb_text _builder_version=\u00bb4.27.4&#8243; _module_preset=\u00bbdefault\u00bb header_2_font=\u00bb|600|||||||\u00bb header_2_letter_spacing=\u00bb0.2px\u00bb header_3_font=\u00bb|600|||||||\u00bb header_4_font=\u00bb|300|||||||\u00bb header_4_letter_spacing=\u00bb0.2px\u00bb hover_enabled=\u00bb0&#8243; global_colors_info=\u00bb{}\u00bb sticky_enabled=\u00bb0&#8243;]<\/p>\n<h3><strong>ROSALAT<\/strong><\/h3>\n<p>NUESTRO TRABAJO<\/p>\n<p>Tuvimos la oportunidad desarrollar la imagen de marca de Rosalat, empresa de productos l\u00e1cteos. Para ello dise\u00f1amos toda su l\u00ednea de packagings. Creamos adem\u00e1s su identidad visual con una impronta familiar, de f\u00e1cil reconocimiento en cada categor\u00eda.<\/p>\n<p>[\/et_pb_text][\/et_pb_column][et_pb_column type=\u00bb2_5&#8243; _builder_version=\u00bb4.27.4&#8243; _module_preset=\u00bbdefault\u00bb global_colors_info=\u00bb{}\u00bb][et_pb_text _builder_version=\u00bb4.27.4&#8243; _module_preset=\u00bbdefault\u00bb header_2_font=\u00bb|600|||||||\u00bb header_2_letter_spacing=\u00bb0.2px\u00bb header_3_font=\u00bb|600|||||||\u00bb header_4_font=\u00bb|300|||||||\u00bb header_4_letter_spacing=\u00bb0.2px\u00bb global_colors_info=\u00bb{}\u00bb]<\/p>\n<h4><\/h4>\n<h4><\/h4>\n<h4><\/h4>\n<p>SERVICIOS<\/p>\n<p>&gt; Restyling de marca<br \/>&gt; Redise\u00f1o de packaging<br \/>&gt; Desarrollo de identidad visual<\/p>\n<p>[\/et_pb_text][\/et_pb_column][\/et_pb_row][\/et_pb_section][et_pb_section fb_built=\u00bb1&#8243; _builder_version=\u00bb4.27.4&#8243; _module_preset=\u00bbdefault\u00bb custom_padding=\u00bb44px||2px|||\u00bb global_colors_info=\u00bb{}\u00bb][et_pb_row _builder_version=\u00bb4.27.4&#8243; _module_preset=\u00bbdefault\u00bb min_height=\u00bb1474.1px\u00bb custom_padding=\u00bb30px||0px||false|false\u00bb global_colors_info=\u00bb{}\u00bb][et_pb_column type=\u00bb4_4&#8243; _builder_version=\u00bb4.27.4&#8243; _module_preset=\u00bbdefault\u00bb global_colors_info=\u00bb{}\u00bb][et_pb_image src=\u00bbhttps:\/\/cuencadamico.com.ar\/wp-content\/uploads\/2025\/03\/Rosalat_EXPORT-01.jpg\u00bb title_text=\u00bbPackaging Rosalat\u00bb show_bottom_space=\u00bboff\u00bb _builder_version=\u00bb4.27.4&#8243; _module_preset=\u00bbdefault\u00bb custom_margin=\u00bb||30px||false|false\u00bb global_colors_info=\u00bb{}\u00bb][\/et_pb_image][et_pb_image src=\u00bbhttps:\/\/cuencadamico.com.ar\/wp-content\/uploads\/2025\/03\/Rosalat_EXPORT-02.jpg\u00bb title_text=\u00bbPackaging Rosalat\u00bb show_bottom_space=\u00bboff\u00bb _builder_version=\u00bb4.27.4&#8243; _module_preset=\u00bbdefault\u00bb custom_margin=\u00bb||||false|false\u00bb global_colors_info=\u00bb{}\u00bb][\/et_pb_image][et_pb_image src=\u00bbhttps:\/\/cuencadamico.com.ar\/wp-content\/uploads\/2025\/03\/Rosalat_EXPORT-03.jpg\u00bb title_text=\u00bbPackaging Rosalat\u00bb show_bottom_space=\u00bboff\u00bb admin_label=\u00bbImagen\u00bb _builder_version=\u00bb4.27.4&#8243; _module_preset=\u00bbdefault\u00bb custom_margin=\u00bb30px||||false|false\u00bb global_colors_info=\u00bb{}\u00bb][\/et_pb_image][et_pb_image src=\u00bbhttps:\/\/cuencadamico.com.ar\/wp-content\/uploads\/2025\/03\/Rosalat_EXPORT-04.jpg\u00bb title_text=\u00bbPackaging Rosalat\u00bb show_bottom_space=\u00bboff\u00bb admin_label=\u00bbImagen\u00bb _builder_version=\u00bb4.27.4&#8243; _module_preset=\u00bbdefault\u00bb custom_margin=\u00bb30px||||false|false\u00bb global_colors_info=\u00bb{}\u00bb][\/et_pb_image][et_pb_image src=\u00bbhttps:\/\/cuencadamico.com.ar\/wp-content\/uploads\/2025\/03\/Rosalat_EXPORT-05.jpg\u00bb title_text=\u00bbPackaging quesos Rosalat\u00bb show_bottom_space=\u00bboff\u00bb admin_label=\u00bbImagen\u00bb _builder_version=\u00bb4.27.4&#8243; _module_preset=\u00bbdefault\u00bb custom_margin=\u00bb30px||||false|false\u00bb global_colors_info=\u00bb{}\u00bb][\/et_pb_image][et_pb_image src=\u00bbhttps:\/\/cuencadamico.com.ar\/wp-content\/uploads\/2025\/03\/Rosalat_EXPORT-06.jpg\u00bb title_text=\u00bbPackaging yogurt Rosalat\u00bb show_bottom_space=\u00bboff\u00bb admin_label=\u00bbImagen\u00bb _builder_version=\u00bb4.27.4&#8243; _module_preset=\u00bbdefault\u00bb custom_margin=\u00bb30px||||false|false\u00bb global_colors_info=\u00bb{}\u00bb][\/et_pb_image][\/et_pb_column][\/et_pb_row][et_pb_row _builder_version=\u00bb4.27.4&#8243; _module_preset=\u00bbdefault\u00bb min_height=\u00bb78.8px\u00bb custom_padding=\u00bb30px||||false|false\u00bb global_colors_info=\u00bb{}\u00bb][et_pb_column type=\u00bb4_4&#8243; _builder_version=\u00bb4.27.4&#8243; _module_preset=\u00bbdefault\u00bb global_colors_info=\u00bb{}\u00bb][et_pb_button button_url=\u00bb@ET-DC@eyJkeW5hbWljIjp0cnVlLCJjb250ZW50IjoicG9zdF9saW5rX3VybF9wYWdlIiwic2V0dGluZ3MiOnsicG9zdF9pZCI6IjMzNSJ9fQ==@\u00bb button_text=\u00bbVER MAS TRABAJOS\u00bb _builder_version=\u00bb4.27.4&#8243; _dynamic_attributes=\u00bbbutton_url\u00bb _module_preset=\u00bbdefault\u00bb custom_button=\u00bbon\u00bb button_text_size=\u00bb14px\u00bb button_text_color=\u00bb#FFFFFF\u00bb button_bg_color=\u00bb#000000&#8243; button_border_radius=\u00bb10px\u00bb custom_padding=\u00bb15px|40px|15px|40px|false|false\u00bb global_colors_info=\u00bb{}\u00bb][\/et_pb_button][\/et_pb_column][\/et_pb_row][\/et_pb_section][et_pb_section fb_built=\u00bb1&#8243; _builder_version=\u00bb4.27.4&#8243; _module_preset=\u00bbdefault\u00bb custom_padding=\u00bb40px|||||\u00bb global_colors_info=\u00bb{}\u00bb][\/et_pb_section]<\/p>\n","protected":false},"excerpt":{"rendered":"<p>ROSALAT NUESTRO TRABAJO Tuvimos la oportunidad desarrollar la imagen de marca de Rosalat, empresa de productos l\u00e1cteos. Para ello dise\u00f1amos toda su l\u00ednea de packagings. Creamos adem\u00e1s su identidad visual con una impronta familiar, de f\u00e1cil reconocimiento en cada categor\u00eda. SERVICIOS &gt; Restyling de marca&gt; Redise\u00f1o de packaging&gt; Desarrollo de identidad visual<\/p>\n","protected":false},"author":2,"featured_media":0,"parent":0,"menu_order":0,"comment_status":"closed","ping_status":"closed","template":"","meta":{"_et_pb_use_builder":"on","_et_pb_old_content":"","_et_gb_content_width":"","footnotes":""},"class_list":["post-677","page","type-page","status-publish","hentry"],"_links":{"self":[{"href":"https:\/\/cuencadamico.com.ar\/index.php\/wp-json\/wp\/v2\/pages\/677","targetHints":{"allow":["GET"]}}],"collection":[{"href":"https:\/\/cuencadamico.com.ar\/index.php\/wp-json\/wp\/v2\/pages"}],"about":[{"href":"https:\/\/cuencadamico.com.ar\/index.php\/wp-json\/wp\/v2\/types\/page"}],"author":[{"embeddable":true,"href":"https:\/\/cuencadamico.com.ar\/index.php\/wp-json\/wp\/v2\/users\/2"}],"replies":[{"embeddable":true,"href":"https:\/\/cuencadamico.com.ar\/index.php\/wp-json\/wp\/v2\/comments?post=677"}],"version-history":[{"count":7,"href":"https:\/\/cuencadamico.com.ar\/index.php\/wp-json\/wp\/v2\/pages\/677\/revisions"}],"predecessor-version":[{"id":1350,"href":"https:\/\/cuencadamico.com.ar\/index.php\/wp-json\/wp\/v2\/pages\/677\/revisions\/1350"}],"wp:attachment":[{"href":"https:\/\/cuencadamico.com.ar\/index.php\/wp-json\/wp\/v2\/media?parent=677"}],"curies":[{"name":"wp","href":"https:\/\/api.w.org\/{rel}","templated":true}]}}