{"id":758,"date":"2025-03-11T20:56:33","date_gmt":"2025-03-11T20:56:33","guid":{"rendered":"https:\/\/cuencadamico.com.ar\/?page_id=758"},"modified":"2025-04-24T17:23:35","modified_gmt":"2025-04-24T17:23:35","slug":"ketsal-2","status":"publish","type":"page","link":"https:\/\/cuencadamico.com.ar\/index.php\/ketsal-2\/","title":{"rendered":"Ketsal"},"content":{"rendered":"<p>[et_pb_section fb_built=\u00bb1&#8243; _builder_version=\u00bb4.27.4&#8243; _module_preset=\u00bbdefault\u00bb background_color=\u00bb#F2F2F2&#8243; custom_padding=\u00bb10px||6px|||\u00bb global_colors_info=\u00bb{}\u00bb][et_pb_row column_structure=\u00bb3_5,2_5&#8243; _builder_version=\u00bb4.27.4&#8243; _module_preset=\u00bbdefault\u00bb custom_margin=\u00bb|auto|22px|auto||\u00bb custom_padding=\u00bb||5px|||\u00bb global_colors_info=\u00bb{}\u00bb][et_pb_column type=\u00bb3_5&#8243; _builder_version=\u00bb4.27.4&#8243; _module_preset=\u00bbdefault\u00bb global_colors_info=\u00bb{}\u00bb][et_pb_text _builder_version=\u00bb4.27.4&#8243; _module_preset=\u00bbdefault\u00bb header_2_font=\u00bb|600|||||||\u00bb header_2_letter_spacing=\u00bb0.2px\u00bb header_3_font=\u00bb|600|||||||\u00bb header_4_font=\u00bb|300|||||||\u00bb header_4_letter_spacing=\u00bb0.2px\u00bb global_colors_info=\u00bb{}\u00bb]<\/p>\n<h3><strong>KETSAL<\/strong><\/h3>\n<p>NUESTRO TRABAJO<\/p>\n<p>Despu\u00e9s de varios a\u00f1os de haber creado la identidad visual y el branding de Ketsal, la marca requiri\u00f3 una actualizaci\u00f3n que renovara su lenguaje visual y su packaging, manteniendo al mismo tiempo la esencia y el reconocimiento que hab\u00edan consolidado entre sus consumidores. Se busc\u00f3 destacar y reforzar la impronta artesanal y la calidad diferenciadora de su elaboraci\u00f3n.<\/p>\n<p>[\/et_pb_text][\/et_pb_column][et_pb_column type=\u00bb2_5&#8243; _builder_version=\u00bb4.27.4&#8243; _module_preset=\u00bbdefault\u00bb global_colors_info=\u00bb{}\u00bb][et_pb_text _builder_version=\u00bb4.27.4&#8243; _module_preset=\u00bbdefault\u00bb header_2_font=\u00bb|600|||||||\u00bb header_2_letter_spacing=\u00bb0.2px\u00bb header_3_font=\u00bb|600|||||||\u00bb header_4_font=\u00bb|300|||||||\u00bb header_4_letter_spacing=\u00bb0.2px\u00bb global_colors_info=\u00bb{}\u00bb]<\/p>\n<h4><\/h4>\n<h4><\/h4>\n<h4><\/h4>\n<p>SERVICIOS<\/p>\n<p>&gt; Naming<br \/>&gt; Dise\u00f1o de marca e identidad visual<br \/>&gt; Dise\u00f1o y redise\u00f1o de packaging<\/p>\n<p>[\/et_pb_text][\/et_pb_column][\/et_pb_row][\/et_pb_section][et_pb_section fb_built=\u00bb1&#8243; _builder_version=\u00bb4.27.4&#8243; _module_preset=\u00bbdefault\u00bb custom_padding=\u00bb44px||2px|||\u00bb global_colors_info=\u00bb{}\u00bb][et_pb_row _builder_version=\u00bb4.27.4&#8243; _module_preset=\u00bbdefault\u00bb custom_margin=\u00bb-51px|auto||auto||\u00bb custom_padding=\u00bb41px||||false|false\u00bb global_colors_info=\u00bb{}\u00bb][et_pb_column type=\u00bb4_4&#8243; _builder_version=\u00bb4.27.4&#8243; _module_preset=\u00bbdefault\u00bb global_colors_info=\u00bb{}\u00bb][et_pb_image src=\u00bbhttps:\/\/cuencadamico.com.ar\/wp-content\/uploads\/2025\/03\/Ketsal_EXPORT-01.jpg\u00bb title_text=\u00bbFamilia productos Ketsal\u00bb _builder_version=\u00bb4.27.4&#8243; _module_preset=\u00bbdefault\u00bb global_colors_info=\u00bb{}\u00bb][\/et_pb_image][et_pb_image src=\u00bbhttps:\/\/cuencadamico.com.ar\/wp-content\/uploads\/2025\/03\/Ketsal_EXPORT-02.jpg\u00bb title_text=\u00bbNachos Ketsal\u00bb _builder_version=\u00bb4.27.4&#8243; _module_preset=\u00bbdefault\u00bb global_colors_info=\u00bb{}\u00bb][\/et_pb_image][et_pb_image src=\u00bbhttps:\/\/cuencadamico.com.ar\/wp-content\/uploads\/2025\/03\/Ketsal_EXPORT-03.jpg\u00bb title_text=\u00bbNachos de queso Ketsal\u00bb _builder_version=\u00bb4.27.4&#8243; _module_preset=\u00bbdefault\u00bb global_colors_info=\u00bb{}\u00bb][\/et_pb_image][et_pb_image src=\u00bbhttps:\/\/cuencadamico.com.ar\/wp-content\/uploads\/2025\/03\/Ketsal_EXPORT-04.jpg\u00bb title_text=\u00bbNachos picantes Ketsal\u00bb _builder_version=\u00bb4.27.4&#8243; _module_preset=\u00bbdefault\u00bb global_colors_info=\u00bb{}\u00bb][\/et_pb_image][\/et_pb_column][\/et_pb_row][et_pb_row _builder_version=\u00bb4.27.4&#8243; _module_preset=\u00bbdefault\u00bb custom_margin=\u00bb-51px|auto||auto||\u00bb custom_padding=\u00bb41px||||false|false\u00bb global_colors_info=\u00bb{}\u00bb][et_pb_column type=\u00bb4_4&#8243; _builder_version=\u00bb4.27.4&#8243; _module_preset=\u00bbdefault\u00bb global_colors_info=\u00bb{}\u00bb][et_pb_button button_url=\u00bb@ET-DC@eyJkeW5hbWljIjp0cnVlLCJjb250ZW50IjoicG9zdF9saW5rX3VybF9wYWdlIiwic2V0dGluZ3MiOnsicG9zdF9pZCI6IjMzNSJ9fQ==@\u00bb button_text=\u00bbVER MAS TRABAJOS\u00bb _builder_version=\u00bb4.27.4&#8243; _dynamic_attributes=\u00bbbutton_url\u00bb _module_preset=\u00bbdefault\u00bb custom_button=\u00bbon\u00bb button_text_size=\u00bb14px\u00bb button_text_color=\u00bb#FFFFFF\u00bb button_bg_color=\u00bb#000000&#8243; button_border_radius=\u00bb10px\u00bb custom_padding=\u00bb15px|40px|15px|40px|false|false\u00bb global_colors_info=\u00bb{}\u00bb][\/et_pb_button][\/et_pb_column][\/et_pb_row][\/et_pb_section][et_pb_section fb_built=\u00bb1&#8243; _builder_version=\u00bb4.27.4&#8243; _module_preset=\u00bbdefault\u00bb custom_padding=\u00bb40px|||||\u00bb global_colors_info=\u00bb{}\u00bb][\/et_pb_section]<\/p>\n","protected":false},"excerpt":{"rendered":"<p>KETSAL NUESTRO TRABAJO Despu\u00e9s de varios a\u00f1os de haber creado la identidad visual y el branding de Ketsal, la marca requiri\u00f3 una actualizaci\u00f3n que renovara su lenguaje visual y su packaging, manteniendo al mismo tiempo la esencia y el reconocimiento que hab\u00edan consolidado entre sus consumidores. Se busc\u00f3 destacar y reforzar la impronta artesanal y [&hellip;]<\/p>\n","protected":false},"author":2,"featured_media":0,"parent":0,"menu_order":0,"comment_status":"closed","ping_status":"closed","template":"","meta":{"_et_pb_use_builder":"on","_et_pb_old_content":"","_et_gb_content_width":"","footnotes":""},"class_list":["post-758","page","type-page","status-publish","hentry"],"_links":{"self":[{"href":"https:\/\/cuencadamico.com.ar\/index.php\/wp-json\/wp\/v2\/pages\/758","targetHints":{"allow":["GET"]}}],"collection":[{"href":"https:\/\/cuencadamico.com.ar\/index.php\/wp-json\/wp\/v2\/pages"}],"about":[{"href":"https:\/\/cuencadamico.com.ar\/index.php\/wp-json\/wp\/v2\/types\/page"}],"author":[{"embeddable":true,"href":"https:\/\/cuencadamico.com.ar\/index.php\/wp-json\/wp\/v2\/users\/2"}],"replies":[{"embeddable":true,"href":"https:\/\/cuencadamico.com.ar\/index.php\/wp-json\/wp\/v2\/comments?post=758"}],"version-history":[{"count":10,"href":"https:\/\/cuencadamico.com.ar\/index.php\/wp-json\/wp\/v2\/pages\/758\/revisions"}],"predecessor-version":[{"id":1467,"href":"https:\/\/cuencadamico.com.ar\/index.php\/wp-json\/wp\/v2\/pages\/758\/revisions\/1467"}],"wp:attachment":[{"href":"https:\/\/cuencadamico.com.ar\/index.php\/wp-json\/wp\/v2\/media?parent=758"}],"curies":[{"name":"wp","href":"https:\/\/api.w.org\/{rel}","templated":true}]}}